{"id":5007,"date":"2022-06-17T04:44:43","date_gmt":"2022-06-17T08:44:43","guid":{"rendered":"https:\/\/readingtheheart.com\/product\/heartreader-eszkoz\/"},"modified":"2025-03-21T04:10:14","modified_gmt":"2025-03-21T08:10:14","slug":"heartreader-eszkoz","status":"publish","type":"product","link":"https:\/\/readingtheheart.com\/hu\/termek\/heartreader-eszkoz\/","title":{"rendered":"HeartReader eszk\u00f6z"},"content":{"rendered":"<p>A HeartReader eszk\u00f6z elengedhetetlen a HeartReader alkalmaz\u00e1ssal v\u00e9gzett m\u00e9r\u00e9sekhez.<\/p>\n","protected":false},"excerpt":{"rendered":"<p>HeartReader eszk\u00f6z<\/p>\n","protected":false},"featured_media":4779,"comment_status":"open","ping_status":"closed","template":"","meta":{"_crdt_document":"","advanced_seo_description":"","jetpack_seo_html_title":"","jetpack_seo_noindex":false,"jetpack_publicize_message":"","jetpack_publicize_feature_enabled":true,"jetpack_social_post_already_shared":true,"jetpack_social_options":{"image_generator_settings":{"template":"highway","default_image_id":0,"font":"","enabled":false},"version":2},"_wpas_customize_per_network":false},"product_brand":[],"product_cat":[20191],"product_tag":[],"class_list":{"0":"post-5007","1":"product","2":"type-product","3":"status-publish","4":"has-post-thumbnail","6":"product_cat-uncategorized-hu","7":"product_shipping_class-shipping-needed","9":"first","10":"outofstock","11":"taxable","12":"shipping-taxable","13":"purchasable","14":"product-type-simple"},"jetpack_publicize_connections":[],"jetpack_likes_enabled":true,"jetpack_sharing_enabled":true,"_links":{"self":[{"href":"https:\/\/readingtheheart.com\/hu\/wp-json\/wp\/v2\/product\/5007","targetHints":{"allow":["GET"]}}],"collection":[{"href":"https:\/\/readingtheheart.com\/hu\/wp-json\/wp\/v2\/product"}],"about":[{"href":"https:\/\/readingtheheart.com\/hu\/wp-json\/wp\/v2\/types\/product"}],"replies":[{"embeddable":true,"href":"https:\/\/readingtheheart.com\/hu\/wp-json\/wp\/v2\/comments?post=5007"}],"wp:featuredmedia":[{"embeddable":true,"href":"https:\/\/readingtheheart.com\/hu\/wp-json\/wp\/v2\/media\/4779"}],"wp:attachment":[{"href":"https:\/\/readingtheheart.com\/hu\/wp-json\/wp\/v2\/media?parent=5007"}],"wp:term":[{"taxonomy":"product_brand","embeddable":true,"href":"https:\/\/readingtheheart.com\/hu\/wp-json\/wp\/v2\/product_brand?post=5007"},{"taxonomy":"product_cat","embeddable":true,"href":"https:\/\/readingtheheart.com\/hu\/wp-json\/wp\/v2\/product_cat?post=5007"},{"taxonomy":"product_tag","embeddable":true,"href":"https:\/\/readingtheheart.com\/hu\/wp-json\/wp\/v2\/product_tag?post=5007"}],"curies":[{"name":"wp","href":"https:\/\/api.w.org\/{rel}","templated":true}]}}