{"id":4998,"date":"2023-09-12T06:08:38","date_gmt":"2023-09-12T10:08:38","guid":{"rendered":"https:\/\/readingtheheart.com\/product\/heartreader-vegfelhasznaloi-fiok-korlatlan\/"},"modified":"2024-05-30T03:34:15","modified_gmt":"2024-05-30T07:34:15","slug":"heartreader-vegfelhasznaloi-fiok-korlatlan","status":"publish","type":"product","link":"https:\/\/readingtheheart.com\/hu\/termek\/heartreader-vegfelhasznaloi-fiok-korlatlan\/","title":{"rendered":"HeartReader V\u00e9gfelhaszn\u00e1l\u00f3i fi\u00f3k"},"content":{"rendered":"<p>A HeartReader seg\u00edts\u00e9g\u00e9vel m\u00e9g nagyon betekint\u00e9st nyerhet eg\u00e9szs\u00e9gi \u00e1llapot\u00e1ba.<\/p>\n<p>*K\u00e9rj\u00fck, haszn\u00e1lja ugyanazt az e-mail c\u00edmet a fizet\u00e9skor, amit a HeartReader alkalmaz\u00e1sba t\u00f6rt\u00e9n\u0151 regisztr\u00e1ci\u00f3n\u00e1l\/bejelentkez\u00e9sn\u00e9l haszn\u00e1lt!<\/p>\n","protected":false},"excerpt":{"rendered":"<p>A HeartReader seg\u00edts\u00e9g\u00e9vel m\u00e9g nagyon betekint\u00e9st nyerhet eg\u00e9szs\u00e9gi \u00e1llapot\u00e1ba. *K\u00e9rj\u00fck, haszn\u00e1lja ugyanazt az e-mail c\u00edmet a fizet\u00e9skor, amit a HeartReader alkalmaz\u00e1sba t\u00f6rt\u00e9n\u0151 regisztr\u00e1ci\u00f3n\u00e1l\/bejelentkez\u00e9sn\u00e9l haszn\u00e1lt!<\/p>\n","protected":false},"featured_media":4956,"comment_status":"open","ping_status":"closed","template":"","meta":{"_crdt_document":"","advanced_seo_description":"","jetpack_seo_html_title":"","jetpack_seo_noindex":false,"jetpack_publicize_message":"","jetpack_publicize_feature_enabled":true,"jetpack_social_post_already_shared":true,"jetpack_social_options":{"image_generator_settings":{"template":"highway","default_image_id":0,"font":"","enabled":false},"version":2},"_wpas_customize_per_network":false},"product_brand":[],"product_cat":[20191],"product_tag":[],"class_list":{"0":"post-4998","1":"product","2":"type-product","3":"status-publish","4":"has-post-thumbnail","6":"product_cat-uncategorized-hu","8":"first","9":"instock","10":"taxable","11":"shipping-taxable","12":"purchasable","13":"product-type-variable"},"jetpack_publicize_connections":[],"jetpack_likes_enabled":true,"jetpack_sharing_enabled":true,"_links":{"self":[{"href":"https:\/\/readingtheheart.com\/hu\/wp-json\/wp\/v2\/product\/4998","targetHints":{"allow":["GET"]}}],"collection":[{"href":"https:\/\/readingtheheart.com\/hu\/wp-json\/wp\/v2\/product"}],"about":[{"href":"https:\/\/readingtheheart.com\/hu\/wp-json\/wp\/v2\/types\/product"}],"replies":[{"embeddable":true,"href":"https:\/\/readingtheheart.com\/hu\/wp-json\/wp\/v2\/comments?post=4998"}],"wp:featuredmedia":[{"embeddable":true,"href":"https:\/\/readingtheheart.com\/hu\/wp-json\/wp\/v2\/media\/4956"}],"wp:attachment":[{"href":"https:\/\/readingtheheart.com\/hu\/wp-json\/wp\/v2\/media?parent=4998"}],"wp:term":[{"taxonomy":"product_brand","embeddable":true,"href":"https:\/\/readingtheheart.com\/hu\/wp-json\/wp\/v2\/product_brand?post=4998"},{"taxonomy":"product_cat","embeddable":true,"href":"https:\/\/readingtheheart.com\/hu\/wp-json\/wp\/v2\/product_cat?post=4998"},{"taxonomy":"product_tag","embeddable":true,"href":"https:\/\/readingtheheart.com\/hu\/wp-json\/wp\/v2\/product_tag?post=4998"}],"curies":[{"name":"wp","href":"https:\/\/api.w.org\/{rel}","templated":true}]}}